{"id":3932,"date":"2024-03-24T15:42:54","date_gmt":"2024-03-24T15:42:54","guid":{"rendered":"https:\/\/maisonchara.com\/shop\/koerperoel-wasserlilie-von-botanistas\/"},"modified":"2025-04-20T09:33:49","modified_gmt":"2025-04-20T09:33:49","slug":"koerperoel-wasserlilie-von-botanistas","status":"publish","type":"product","link":"https:\/\/maisonchara.com\/de\/shop\/koerperoel-wasserlilie-von-botanistas\/","title":{"rendered":"K\u00f6rper\u00f6l Wasserlilie von Botanistas"},"content":{"rendered":"\t\t<div data-elementor-type=\"product-post\" data-elementor-id=\"3932\" class=\"elementor elementor-3932 elementor-3225\" data-elementor-post-type=\"product\">\n\t\t\t\t<div class=\"elementor-element elementor-element-4f6bba e-flex e-con-boxed e-con e-parent\" data-id=\"4f6bba\" data-element_type=\"container\">\n\t\t\t\t\t<div class=\"e-con-inner\">\n\t\t\t\t<div class=\"elementor-element elementor-element-7d1076f0 elementor-widget elementor-widget-text-editor\" data-id=\"7d1076f0\" data-element_type=\"widget\" data-widget_type=\"text-editor.default\">\n\t\t\t\t<div class=\"elementor-widget-container\">\n\t\t\t\t\t\t\t\t\t<p><strong>Feuchtigkeitsspendendes K\u00f6rper\u00f6l mit einer Mischung aus pflegenden \u00d6len  <\/strong><\/p><p> <\/p><p>Dieses feuchtigkeitsspendende K\u00f6rper\u00f6l hinterl\u00e4sst eine weiche Haut und einen sch\u00f6nen Glanz.<\/p><p> <\/p><p><strong>Wichtigste Vorteile<\/strong><\/p><ul><li>pflegt die Haut<\/li><li>stellt die Leuchtkraft der Haut wieder her<\/li><li>unterst\u00fctzt die Festigkeit der Haut<\/li><\/ul><p> <\/p><p><strong>Gebrauchsanweisung<\/strong><\/p><p>Tragen Sie das K\u00f6rper\u00f6l nach dem Duschen oder Baden auf, indem Sie das \u00d6l mit den H\u00e4nden in die Haut einmassieren.<\/p><p> <\/p><p><strong>Zutaten<\/strong><\/p><p>Mandel\u00f6l, K\u00fcrbis\u00f6l, Jojoba\u00f6l, Traubenkern\u00f6l, Seerosenaroma<\/p>\t\t\t\t\t\t\t\t<\/div>\n\t\t\t\t<\/div>\n\t\t\t\t\t<\/div>\n\t\t\t\t<\/div>\n\t\t<div class=\"elementor-element elementor-element-09c7338 e-grid e-con-boxed e-con e-parent\" data-id=\"09c7338\" data-element_type=\"container\">\n\t\t\t\t\t<div class=\"e-con-inner\">\n\t\t\t\t<div class=\"elementor-element elementor-element-b2a126d elementor-widget elementor-widget-image\" data-id=\"b2a126d\" data-element_type=\"widget\" data-widget_type=\"image.default\">\n\t\t\t\t<div class=\"elementor-widget-container\">\n\t\t\t\t\t\t\t\t\t\t\t\t\t\t\t<img fetchpriority=\"high\" decoding=\"async\" width=\"768\" height=\"1024\" src=\"https:\/\/maisonchara.com\/wp-content\/uploads\/2025\/04\/IMG_5604-768x1024.jpg\" class=\"attachment-large size-large wp-image-3825\" alt=\"\" srcset=\"https:\/\/maisonchara.com\/wp-content\/uploads\/2025\/04\/IMG_5604-768x1024.jpg 768w, https:\/\/maisonchara.com\/wp-content\/uploads\/2025\/04\/IMG_5604-225x300.jpg 225w, https:\/\/maisonchara.com\/wp-content\/uploads\/2025\/04\/IMG_5604-1152x1536.jpg 1152w, https:\/\/maisonchara.com\/wp-content\/uploads\/2025\/04\/IMG_5604-1536x2048.jpg 1536w, https:\/\/maisonchara.com\/wp-content\/uploads\/2025\/04\/IMG_5604-600x800.jpg 600w, https:\/\/maisonchara.com\/wp-content\/uploads\/2025\/04\/IMG_5604-scaled.jpg 1920w\" sizes=\"(max-width: 768px) 100vw, 768px\" \/>\t\t\t\t\t\t\t\t\t\t\t\t\t\t\t<\/div>\n\t\t\t\t<\/div>\n\t\t\t\t<div class=\"elementor-element elementor-element-8c986e7 elementor-widget elementor-widget-image\" data-id=\"8c986e7\" data-element_type=\"widget\" data-widget_type=\"image.default\">\n\t\t\t\t<div class=\"elementor-widget-container\">\n\t\t\t\t\t\t\t\t\t\t\t\t\t\t\t<img decoding=\"async\" width=\"768\" height=\"1024\" src=\"https:\/\/maisonchara.com\/wp-content\/uploads\/2025\/04\/IMG_5488-768x1024.jpg\" class=\"attachment-large size-large wp-image-3828\" alt=\"\" srcset=\"https:\/\/maisonchara.com\/wp-content\/uploads\/2025\/04\/IMG_5488-768x1024.jpg 768w, https:\/\/maisonchara.com\/wp-content\/uploads\/2025\/04\/IMG_5488-225x300.jpg 225w, https:\/\/maisonchara.com\/wp-content\/uploads\/2025\/04\/IMG_5488-1152x1536.jpg 1152w, https:\/\/maisonchara.com\/wp-content\/uploads\/2025\/04\/IMG_5488-1536x2048.jpg 1536w, https:\/\/maisonchara.com\/wp-content\/uploads\/2025\/04\/IMG_5488-600x800.jpg 600w, https:\/\/maisonchara.com\/wp-content\/uploads\/2025\/04\/IMG_5488-scaled.jpg 1920w\" sizes=\"(max-width: 768px) 100vw, 768px\" \/>\t\t\t\t\t\t\t\t\t\t\t\t\t\t\t<\/div>\n\t\t\t\t<\/div>\n\t\t\t\t\t<\/div>\n\t\t\t\t<\/div>\n\t\t\t\t<\/div>\n\t\t","protected":false},"excerpt":{"rendered":"<p>Feuchtigkeitsspendendes K\u00f6rper\u00f6l mit einer Mischung aus pflegenden \u00d6len<\/p>\n","protected":false},"featured_media":3635,"template":"","meta":[],"product_brand":[],"product_cat":[115],"product_tag":[116,122],"class_list":{"0":"post-3932","1":"product","2":"type-product","3":"status-publish","4":"has-post-thumbnail","6":"product_cat-chara-schonheit","7":"product_tag-botanistas-de","8":"product_tag-korperol","10":"first","11":"instock","12":"taxable","13":"shipping-taxable","14":"purchasable","15":"product-type-simple"},"_links":{"self":[{"href":"https:\/\/maisonchara.com\/de\/wp-json\/wp\/v2\/product\/3932","targetHints":{"allow":["GET"]}}],"collection":[{"href":"https:\/\/maisonchara.com\/de\/wp-json\/wp\/v2\/product"}],"about":[{"href":"https:\/\/maisonchara.com\/de\/wp-json\/wp\/v2\/types\/product"}],"version-history":[{"count":1,"href":"https:\/\/maisonchara.com\/de\/wp-json\/wp\/v2\/product\/3932\/revisions"}],"predecessor-version":[{"id":3935,"href":"https:\/\/maisonchara.com\/de\/wp-json\/wp\/v2\/product\/3932\/revisions\/3935"}],"wp:featuredmedia":[{"embeddable":true,"href":"https:\/\/maisonchara.com\/de\/wp-json\/wp\/v2\/media\/3635"}],"wp:attachment":[{"href":"https:\/\/maisonchara.com\/de\/wp-json\/wp\/v2\/media?parent=3932"}],"wp:term":[{"taxonomy":"product_brand","embeddable":true,"href":"https:\/\/maisonchara.com\/de\/wp-json\/wp\/v2\/product_brand?post=3932"},{"taxonomy":"product_cat","embeddable":true,"href":"https:\/\/maisonchara.com\/de\/wp-json\/wp\/v2\/product_cat?post=3932"},{"taxonomy":"product_tag","embeddable":true,"href":"https:\/\/maisonchara.com\/de\/wp-json\/wp\/v2\/product_tag?post=3932"}],"curies":[{"name":"wp","href":"https:\/\/api.w.org\/{rel}","templated":true}]}}